{"id":17403,"date":"2026-01-14T16:48:03","date_gmt":"2026-01-14T16:48:03","guid":{"rendered":"https:\/\/aqb.hu\/?page_id=17403"},"modified":"2026-01-15T14:15:48","modified_gmt":"2026-01-15T14:15:48","slug":"projects-collaborations","status":"publish","type":"page","link":"https:\/\/aqb.hu\/hu\/projects-collaborations\/","title":{"rendered":"Projektek &amp; Egy\u00fcttm\u0171k\u00f6d\u00e9sek"},"content":{"rendered":"","protected":false},"excerpt":{"rendered":"","protected":false},"author":1,"featured_media":0,"parent":0,"menu_order":0,"comment_status":"closed","ping_status":"closed","template":"projects-collaborations.php","meta":{"footnotes":""},"class_list":["post-17403","page","type-page","status-publish","hentry"],"acf":[],"_links":{"self":[{"href":"https:\/\/aqb.hu\/hu\/wp-json\/wp\/v2\/pages\/17403","targetHints":{"allow":["GET"]}}],"collection":[{"href":"https:\/\/aqb.hu\/hu\/wp-json\/wp\/v2\/pages"}],"about":[{"href":"https:\/\/aqb.hu\/hu\/wp-json\/wp\/v2\/types\/page"}],"author":[{"embeddable":true,"href":"https:\/\/aqb.hu\/hu\/wp-json\/wp\/v2\/users\/1"}],"replies":[{"embeddable":true,"href":"https:\/\/aqb.hu\/hu\/wp-json\/wp\/v2\/comments?post=17403"}],"version-history":[{"count":2,"href":"https:\/\/aqb.hu\/hu\/wp-json\/wp\/v2\/pages\/17403\/revisions"}],"predecessor-version":[{"id":17416,"href":"https:\/\/aqb.hu\/hu\/wp-json\/wp\/v2\/pages\/17403\/revisions\/17416"}],"wp:attachment":[{"href":"https:\/\/aqb.hu\/hu\/wp-json\/wp\/v2\/media?parent=17403"}],"curies":[{"name":"wp","href":"https:\/\/api.w.org\/{rel}","templated":true}]}}