{"id":14557,"date":"2024-02-22T16:28:37","date_gmt":"2024-02-22T16:28:37","guid":{"rendered":"https:\/\/aqb.hu\/?page_id=14557"},"modified":"2026-01-15T14:16:37","modified_gmt":"2026-01-15T14:16:37","slug":"open-calls","status":"publish","type":"page","link":"https:\/\/aqb.hu\/hu\/open-calls\/","title":{"rendered":"P\u00e1ly\u00e1zati felh\u00edv\u00e1sok"},"content":{"rendered":"","protected":false},"excerpt":{"rendered":"","protected":false},"author":1,"featured_media":0,"parent":0,"menu_order":0,"comment_status":"closed","ping_status":"closed","template":"open-calls.php","meta":{"footnotes":""},"class_list":["post-14557","page","type-page","status-publish","hentry"],"acf":[],"_links":{"self":[{"href":"https:\/\/aqb.hu\/hu\/wp-json\/wp\/v2\/pages\/14557","targetHints":{"allow":["GET"]}}],"collection":[{"href":"https:\/\/aqb.hu\/hu\/wp-json\/wp\/v2\/pages"}],"about":[{"href":"https:\/\/aqb.hu\/hu\/wp-json\/wp\/v2\/types\/page"}],"author":[{"embeddable":true,"href":"https:\/\/aqb.hu\/hu\/wp-json\/wp\/v2\/users\/1"}],"replies":[{"embeddable":true,"href":"https:\/\/aqb.hu\/hu\/wp-json\/wp\/v2\/comments?post=14557"}],"version-history":[{"count":3,"href":"https:\/\/aqb.hu\/hu\/wp-json\/wp\/v2\/pages\/14557\/revisions"}],"predecessor-version":[{"id":17419,"href":"https:\/\/aqb.hu\/hu\/wp-json\/wp\/v2\/pages\/14557\/revisions\/17419"}],"wp:attachment":[{"href":"https:\/\/aqb.hu\/hu\/wp-json\/wp\/v2\/media?parent=14557"}],"curies":[{"name":"wp","href":"https:\/\/api.w.org\/{rel}","templated":true}]}}