{"id":14183,"date":"2023-12-01T16:48:18","date_gmt":"2023-12-01T16:48:18","guid":{"rendered":"https:\/\/aqb.hu\/?page_id=14183"},"modified":"2023-12-01T16:50:54","modified_gmt":"2023-12-01T16:50:54","slug":"exhibitions","status":"publish","type":"page","link":"https:\/\/aqb.hu\/hu\/exhibitions\/","title":{"rendered":"Ki\u00e1ll\u00edt\u00e1sok"},"content":{"rendered":"","protected":false},"excerpt":{"rendered":"","protected":false},"author":1,"featured_media":0,"parent":0,"menu_order":0,"comment_status":"closed","ping_status":"closed","template":"exhibitions.php","meta":{"footnotes":""},"class_list":["post-14183","page","type-page","status-publish","hentry"],"acf":[],"_links":{"self":[{"href":"https:\/\/aqb.hu\/hu\/wp-json\/wp\/v2\/pages\/14183","targetHints":{"allow":["GET"]}}],"collection":[{"href":"https:\/\/aqb.hu\/hu\/wp-json\/wp\/v2\/pages"}],"about":[{"href":"https:\/\/aqb.hu\/hu\/wp-json\/wp\/v2\/types\/page"}],"author":[{"embeddable":true,"href":"https:\/\/aqb.hu\/hu\/wp-json\/wp\/v2\/users\/1"}],"replies":[{"embeddable":true,"href":"https:\/\/aqb.hu\/hu\/wp-json\/wp\/v2\/comments?post=14183"}],"version-history":[{"count":1,"href":"https:\/\/aqb.hu\/hu\/wp-json\/wp\/v2\/pages\/14183\/revisions"}],"predecessor-version":[{"id":14186,"href":"https:\/\/aqb.hu\/hu\/wp-json\/wp\/v2\/pages\/14183\/revisions\/14186"}],"wp:attachment":[{"href":"https:\/\/aqb.hu\/hu\/wp-json\/wp\/v2\/media?parent=14183"}],"curies":[{"name":"wp","href":"https:\/\/api.w.org\/{rel}","templated":true}]}}